{"id":816,"date":"2019-07-22T07:30:13","date_gmt":"2019-07-22T07:30:13","guid":{"rendered":"https:\/\/schimpel-engineering.waymark.at\/?page_id=816"},"modified":"2020-04-24T08:59:13","modified_gmt":"2020-04-24T08:59:13","slug":"jobs","status":"publish","type":"page","link":"https:\/\/schimpel-engineering.at\/?page_id=816","title":{"rendered":"Jobs"},"content":{"rendered":"<p>[et_pb_section fb_built=&#8220;1&#8243; fullwidth=&#8220;on&#8220; _builder_version=&#8220;3.26.3&#8243;][et_pb_fullwidth_image src=&#8220;https:\/\/schimpel-engineering.at\/wp-content\/uploads\/2020\/04\/DSC00108-scaled.jpg&#8220; admin_label=&#8220;Headerbild&#8220; _builder_version=&#8220;3.26.5&#8243;][\/et_pb_fullwidth_image][et_pb_fullwidth_menu menu_id=&#8220;5&#8243; fullwidth_menu=&#8220;on&#8220; active_link_color=&#8220;#000000&#8243; dropdown_menu_bg_color=&#8220;rgba(255,255,255,0.66)&#8220; dropdown_menu_line_color=&#8220;#02913b&#8220; dropdown_menu_text_color=&#8220;#000000&#8243; mobile_menu_bg_color=&#8220;rgba(255,255,255,0.61)&#8220; mobile_menu_text_color=&#8220;#000000&#8243; admin_label=&#8220;Navigation&#8220; module_id=&#8220;navbar-bottom&#8220; _builder_version=&#8220;3.24.1&#8243; menu_font=&#8220;BOLDE|||on|||||&#8220; menu_text_color=&#8220;#000000&#8243; menu_font_size=&#8220;35px&#8220; background_color=&#8220;rgba(255,255,255,0.68)&#8220; text_orientation=&#8220;right&#8220; width=&#8220;100%&#8220; max_width=&#8220;2250px&#8220; module_alignment=&#8220;right&#8220; global_module=&#8220;36&#8243; saved_tabs=&#8220;all&#8220;][\/et_pb_fullwidth_menu][\/et_pb_section][et_pb_section fb_built=&#8220;1&#8243; custom_padding_last_edited=&#8220;on|tablet&#8220; admin_label=&#8220;Angebot 1&#8243; _builder_version=&#8220;3.26.3&#8243; background_enable_color=&#8220;off&#8220; custom_padding=&#8220;141px|||||&#8220; custom_padding_tablet=&#8220;100px||||false|false&#8220; custom_padding_phone=&#8220;10px|10px|10px|10px|false|false&#8220;][et_pb_row custom_padding_last_edited=&#8220;on|tablet&#8220; admin_label=&#8220;Absatz 1&#8243; _builder_version=&#8220;4.4.4&#8243; background_color=&#8220;rgba(193,193,193,0.43)&#8220; width_tablet=&#8220;90%&#8220; width_phone=&#8220;95%&#8220; width_last_edited=&#8220;on|tablet&#8220; max_width=&#8220;2560px&#8220; custom_margin_tablet=&#8220;||||false|false&#8220; custom_margin_phone=&#8220;&#8220; custom_margin_last_edited=&#8220;on|phone&#8220; custom_padding=&#8220;|||43px||&#8220; custom_padding_tablet=&#8220;|20px||20px|false|false&#8220; custom_padding_phone=&#8220;&#8220;][et_pb_column type=&#8220;4_4&#8243; _builder_version=&#8220;3.26.3&#8243;][et_pb_text admin_label=&#8220;Berufsbezeichnung&#8220; module_id=&#8220;berufsbezeichnung&#8220; _builder_version=&#8220;3.26.5&#8243; text_font=&#8220;BOLDE||||||||&#8220; text_text_color=&#8220;#000000&#8243; text_font_size=&#8220;60px&#8220; custom_margin=&#8220;49px|||||&#8220; custom_margin_tablet=&#8220;0px||||false|false&#8220; custom_margin_phone=&#8220;0px||||false|false&#8220; custom_margin_last_edited=&#8220;on|tablet&#8220; text_font_size_tablet=&#8220;&#8220; text_font_size_phone=&#8220;40px&#8220; text_font_size_last_edited=&#8220;on|phone&#8220; text_line_height_tablet=&#8220;1.8em&#8220; text_line_height_phone=&#8220;1.8em&#8220; text_line_height_last_edited=&#8220;on|tablet&#8220; header_font_size_tablet=&#8220;&#8220; header_font_size_phone=&#8220;30px&#8220; header_font_size_last_edited=&#8220;on|phone&#8220; text_text_align=&#8220;left&#8220; text_text_align_phone=&#8220;center&#8220; text_text_align_last_edited=&#8220;on|phone&#8220;]<\/p>\n<p>HTL-MB Techniker\/in zum sofortigen Eintritt<\/p>\n<p>[\/et_pb_text][et_pb_text admin_label=&#8220;Anforderungen&#8220; module_id=&#8220;anforderungen&#8220; _builder_version=&#8220;3.26.5&#8243; text_font=&#8220;Myriad Pro||||||||&#8220; text_text_color=&#8220;#000000&#8243; text_font_size=&#8220;30px&#8220; text_font_size_tablet=&#8220;&#8220; text_font_size_phone=&#8220;20px&#8220; text_font_size_last_edited=&#8220;on|phone&#8220; text_text_align=&#8220;left&#8220; text_text_align_phone=&#8220;center&#8220; text_text_align_last_edited=&#8220;on|phone&#8220;]<\/p>\n<p>0-3 Jahre Praxis, BH abgeleistet CAD- 3D Kenntnisse bevorzugt Siemens NX, ACAD, Solid Works<\/p>\n<p>[\/et_pb_text][\/et_pb_column][\/et_pb_row][et_pb_row column_structure=&#8220;1_4,3_4&#8243; custom_padding_last_edited=&#8220;on|tablet&#8220; admin_label=&#8220;Absatz 2&#8243; _builder_version=&#8220;4.4.4&#8243; background_color=&#8220;rgba(193,193,193,0.43)&#8220; width_tablet=&#8220;90%&#8220; width_phone=&#8220;95%&#8220; width_last_edited=&#8220;on|tablet&#8220; max_width=&#8220;2560px&#8220; custom_padding_tablet=&#8220;|20px||20px|false|false&#8220; custom_padding_phone=&#8220;&#8220;][et_pb_column type=&#8220;1_4&#8243; _builder_version=&#8220;3.26.3&#8243;][et_pb_image src=&#8220;https:\/\/schimpel-engineering.at\/wp-content\/uploads\/2019\/07\/aufzaehlungspkt-jobs.png&#8220; disabled_on=&#8220;on|on|off&#8220; admin_label=&#8220;Aufz\u00e4hlungspunkt&#8220; module_id=&#8220;icon-jobs&#8220; _builder_version=&#8220;3.26.5&#8243; custom_padding=&#8220;|||32px||&#8220;][\/et_pb_image][\/et_pb_column][et_pb_column type=&#8220;3_4&#8243; _builder_version=&#8220;3.26.3&#8243;][et_pb_text admin_label=&#8220;\u00dcberschrift Aufgabenbereich&#8220; module_id=&#8220;h3-aufgabenbereich&#8220; _builder_version=&#8220;3.26.5&#8243; text_font=&#8220;Myriad Pro|700|||||||&#8220; text_text_color=&#8220;#000000&#8243; text_font_size=&#8220;30px&#8220; custom_margin=&#8220;||11px|-294px||&#8220; custom_margin_tablet=&#8220;||0px|0px|false|false&#8220; custom_margin_phone=&#8220;||0px|0px|false|false&#8220; custom_margin_last_edited=&#8220;on|tablet&#8220; custom_padding=&#8220;||14px|0px||&#8220; custom_padding_tablet=&#8220;||0px||false|false&#8220; custom_padding_phone=&#8220;&#8220; custom_padding_last_edited=&#8220;on|phone&#8220; text_font_size_tablet=&#8220;&#8220; text_font_size_phone=&#8220;16px&#8220; text_font_size_last_edited=&#8220;on|phone&#8220; text_text_align=&#8220;left&#8220; text_text_align_phone=&#8220;center&#8220; text_text_align_last_edited=&#8220;on|phone&#8220;]<\/p>\n<p><strong>Ihr Aufgabenbereich:<\/strong><\/p>\n<p>[\/et_pb_text][et_pb_text admin_label=&#8220;Beschreibung Aufgabenbereich&#8220; module_id=&#8220;txt-aufgabenbereich&#8220; _builder_version=&#8220;3.26.5&#8243; text_font=&#8220;Myriad Pro||||||||&#8220; text_text_color=&#8220;#000000&#8243; text_font_size=&#8220;20px&#8220; custom_margin=&#8220;|||-295px||&#8220; custom_margin_tablet=&#8220;|||0px|false|false&#8220; custom_margin_phone=&#8220;&#8220; custom_margin_last_edited=&#8220;on|tablet&#8220; text_font_size_tablet=&#8220;&#8220; text_font_size_phone=&#8220;16px&#8220; text_font_size_last_edited=&#8220;on|phone&#8220; text_text_align=&#8220;left&#8220; text_text_align_phone=&#8220;center&#8220; text_text_align_last_edited=&#8220;on|phone&#8220;]<\/p>\n<p>nach ausf\u00fchrlicher Einschulung bei uns, Mitarbeit im Ing. B\u00fcro &#8211; als Detailkonstrukteur<br \/>( Konstrukteur) f\u00fcr Bergwerksmaschinen, Schiffsbelade- und Entladeanlagen<\/p>\n<p>[\/et_pb_text][\/et_pb_column][\/et_pb_row][et_pb_row column_structure=&#8220;1_4,3_4&#8243; custom_padding_last_edited=&#8220;on|tablet&#8220; admin_label=&#8220;Absatz 3&#8243; _builder_version=&#8220;4.4.4&#8243; background_color=&#8220;rgba(193,193,193,0.43)&#8220; width_tablet=&#8220;90%&#8220; width_phone=&#8220;95%&#8220; width_last_edited=&#8220;on|tablet&#8220; max_width=&#8220;2560px&#8220; custom_padding=&#8220;|||0px||&#8220; custom_padding_tablet=&#8220;|20px||20px|false|false&#8220; custom_padding_phone=&#8220;&#8220;][et_pb_column type=&#8220;1_4&#8243; _builder_version=&#8220;3.26.3&#8243;][et_pb_image src=&#8220;https:\/\/schimpel-engineering.at\/wp-content\/uploads\/2019\/07\/aufzaehlungspkt-jobs.png&#8220; disabled_on=&#8220;on|on|off&#8220; admin_label=&#8220;Aufz\u00e4hlungspunkt&#8220; module_id=&#8220;icon-jobs&#8220; _builder_version=&#8220;3.26.5&#8243; custom_padding=&#8220;|||26px||&#8220;][\/et_pb_image][\/et_pb_column][et_pb_column type=&#8220;3_4&#8243; _builder_version=&#8220;3.26.3&#8243;][et_pb_text admin_label=&#8220;\u00dcberschrift Angebot&#8220; module_id=&#8220;h3-angebot&#8220; _builder_version=&#8220;3.26.5&#8243; text_font=&#8220;Myriad Pro|700|||||||&#8220; text_text_color=&#8220;#000000&#8243; text_font_size=&#8220;30px&#8220; custom_margin=&#8220;||5px|-298px||&#8220; custom_margin_tablet=&#8220;||0px|0px|false|false&#8220; custom_margin_phone=&#8220;&#8220; custom_margin_last_edited=&#8220;on|tablet&#8220; custom_padding=&#8220;|||0px||&#8220; text_font_size_tablet=&#8220;&#8220; text_font_size_phone=&#8220;16px&#8220; text_font_size_last_edited=&#8220;on|phone&#8220; text_text_align=&#8220;left&#8220; text_text_align_phone=&#8220;center&#8220; text_text_align_last_edited=&#8220;on|phone&#8220;]<\/p>\n<p><strong>Das bietet Schimpel Engineering:<\/strong><\/p>\n<p>[\/et_pb_text][et_pb_text admin_label=&#8220;Beschreibung Angebot&#8220; module_id=&#8220;txt-angebot&#8220; _builder_version=&#8220;3.26.5&#8243; text_font=&#8220;Myriad Pro||||||||&#8220; text_text_color=&#8220;#000000&#8243; text_font_size=&#8220;20px&#8220; custom_margin=&#8220;22px|||-295px||&#8220; custom_margin_tablet=&#8220;0px|||0px|false|false&#8220; custom_margin_phone=&#8220;&#8220; custom_margin_last_edited=&#8220;on|tablet&#8220; text_font_size_tablet=&#8220;&#8220; text_font_size_phone=&#8220;16px&#8220; text_font_size_last_edited=&#8220;on|phone&#8220; text_text_align=&#8220;left&#8220; text_text_align_phone=&#8220;center&#8220; text_text_align_last_edited=&#8220;on|phone&#8220;]<\/p>\n<p>Entlohnung nach Industrie KV<br \/>sehr gutes Betriebsklima und flexible Arbeitszeit ist selbstverst\u00e4ndlich<\/p>\n<p>[\/et_pb_text][\/et_pb_column][\/et_pb_row][et_pb_row custom_padding_last_edited=&#8220;on|tablet&#8220; admin_label=&#8220;Absatz 4&#8243; _builder_version=&#8220;3.26.3&#8243; background_color=&#8220;rgba(193,193,193,0.43)&#8220; width_tablet=&#8220;90%&#8220; width_phone=&#8220;95%&#8220; width_last_edited=&#8220;on|tablet&#8220; max_width=&#8220;2560px&#8220; custom_padding_tablet=&#8220;|||20px|false|false&#8220; custom_padding_phone=&#8220;&#8220;][et_pb_column type=&#8220;4_4&#8243; _builder_version=&#8220;3.26.3&#8243;][et_pb_text admin_label=&#8220;Zusatzinfo&#8220; module_id=&#8220;zusatzinfo&#8220; _builder_version=&#8220;3.26.5&#8243; text_font=&#8220;Myriad Pro||||||||&#8220; text_text_color=&#8220;#000000&#8243; text_font_size=&#8220;20px&#8220; custom_margin=&#8220;|||110px|false|false&#8220; custom_margin_tablet=&#8220;|||0px|false|false&#8220; custom_margin_phone=&#8220;&#8220; custom_margin_last_edited=&#8220;on|tablet&#8220; text_font_size_tablet=&#8220;&#8220; text_font_size_phone=&#8220;16px&#8220; text_font_size_last_edited=&#8220;on|phone&#8220; text_text_align=&#8220;left&#8220; text_text_align_phone=&#8220;center&#8220; text_text_align_last_edited=&#8220;on|phone&#8220;]<\/p>\n<p>Dauerstelle wird angestrebt.<\/p>\n<p>[\/et_pb_text][\/et_pb_column][\/et_pb_row][et_pb_row column_structure=&#8220;1_2,1_2&#8243; custom_padding_last_edited=&#8220;on|tablet&#8220; admin_label=&#8220;Absatz 5&#8243; _builder_version=&#8220;3.26.3&#8243; background_color=&#8220;rgba(193,193,193,0.43)&#8220; width_tablet=&#8220;90%&#8220; width_phone=&#8220;95%&#8220; width_last_edited=&#8220;on|tablet&#8220; max_width=&#8220;2560px&#8220; custom_padding_tablet=&#8220;|||20px|false|false&#8220; custom_padding_phone=&#8220;&#8220;][et_pb_column type=&#8220;1_2&#8243; _builder_version=&#8220;3.26.3&#8243;][\/et_pb_column][et_pb_column type=&#8220;1_2&#8243; _builder_version=&#8220;3.26.3&#8243;][et_pb_image src=&#8220;https:\/\/schimpel-engineering.at\/wp-content\/uploads\/2019\/07\/pic-einleitungstext-personalservice.png&#8220; align=&#8220;center&#8220; disabled_on=&#8220;on|on|off&#8220; admin_label=&#8220;Bild Team&#8220; module_id=&#8220;pic-team-jobs&#8220; _builder_version=&#8220;3.26.5&#8243; width=&#8220;65%&#8220; module_alignment=&#8220;center&#8220; custom_margin=&#8220;-367px|||||&#8220; animation_style=&#8220;zoom&#8220; animation_duration=&#8220;1200ms&#8220;][\/et_pb_image][et_pb_text admin_label=&#8220;Abschlusssatz&#8220; _builder_version=&#8220;3.27.4&#8243; text_font=&#8220;Myriad Pro|700|||||||&#8220; text_text_color=&#8220;#000000&#8243; text_font_size=&#8220;20px&#8220; text_orientation=&#8220;center&#8220; custom_margin=&#8220;||13px|||&#8220; text_font_size_tablet=&#8220;&#8220; text_font_size_phone=&#8220;16px&#8220; text_font_size_last_edited=&#8220;on|phone&#8220; text_text_align=&#8220;center&#8220; text_text_align_last_edited=&#8220;on|phone&#8220;]<\/p>\n<p><strong>Wir freuen uns auf Ihre Bewerbung.<\/strong><\/p>\n<p>[\/et_pb_text][et_pb_text admin_label=&#8220;Unterschrift Team&#8220; _builder_version=&#8220;3.27.4&#8243; text_font=&#8220;Alex Brush||||||||&#8220; text_text_color=&#8220;#000000&#8243; text_font_size=&#8220;20px&#8220; text_orientation=&#8220;center&#8220; text_font_size_tablet=&#8220;&#8220; text_font_size_phone=&#8220;16px&#8220; text_font_size_last_edited=&#8220;on|phone&#8220; text_text_align=&#8220;center&#8220;]<\/p>\n<p>Ihr Schimpel Engineering &#8211; Team<\/p>\n<p>[\/et_pb_text][\/et_pb_column][\/et_pb_row][et_pb_row disabled_on=&#8220;on|on|off&#8220; admin_label=&#8220;Rahmen&#8220; _builder_version=&#8220;3.26.3&#8243; max_width=&#8220;2560px&#8220;][et_pb_column type=&#8220;4_4&#8243; _builder_version=&#8220;3.26.3&#8243;][et_pb_image admin_label=&#8220;Rahmen&#8220; module_id=&#8220;border-jobs&#8220; _builder_version=&#8220;3.26.3&#8243; transform_rotate=&#8220;0deg|0deg|5deg&#8220; custom_margin=&#8220;-753px|||||&#8220; border_width_all=&#8220;5px&#8220; border_color_all=&#8220;#00933c&#8220; box_shadow_style=&#8220;preset2&#8243; box_shadow_horizontal=&#8220;10px&#8220; box_shadow_vertical=&#8220;15px&#8220; box_shadow_blur=&#8220;12px&#8220; box_shadow_color=&#8220;rgba(0,0,0,0.74)&#8220;][\/et_pb_image][\/et_pb_column][\/et_pb_row][\/et_pb_section]<\/p>\n","protected":false},"excerpt":{"rendered":"<p>HTL-MB Techniker\/in zum sofortigen Eintritt0-3 Jahre Praxis, BH abgeleistet CAD- 3D Kenntnisse bevorzugt Siemens NX, ACAD, Solid WorksIhr Aufgabenbereich:nach ausf\u00fchrlicher Einschulung bei uns, Mitarbeit im Ing. B\u00fcro &#8211; als Detailkonstrukteur( Konstrukteur) f\u00fcr Bergwerksmaschinen, Schiffsbelade- und EntladeanlagenDas bietet Schimpel Engineering:Entlohnung nach Industrie KVsehr gutes Betriebsklima und flexible Arbeitszeit ist selbstverst\u00e4ndlichDauerstelle wird angestrebt.Wir freuen uns auf Ihre [&hellip;]<\/p>\n","protected":false},"author":1,"featured_media":0,"parent":0,"menu_order":0,"comment_status":"closed","ping_status":"closed","template":"","meta":{"_et_pb_use_builder":"on","_et_pb_old_content":"","_et_gb_content_width":"","footnotes":""},"class_list":["post-816","page","type-page","status-publish","hentry"],"yoast_head":"<!-- This site is optimized with the Yoast SEO plugin v27.4 - https:\/\/yoast.com\/product\/yoast-seo-wordpress\/ -->\n<title>Jobs - Schimpel Engineering<\/title>\n<meta name=\"robots\" content=\"index, follow, max-snippet:-1, max-image-preview:large, max-video-preview:-1\" \/>\n<link rel=\"canonical\" href=\"https:\/\/schimpel-engineering.at\/?page_id=816\" \/>\n<meta property=\"og:locale\" content=\"de_DE\" \/>\n<meta property=\"og:type\" content=\"article\" \/>\n<meta property=\"og:title\" content=\"Jobs - Schimpel Engineering\" \/>\n<meta property=\"og:description\" content=\"HTL-MB Techniker\/in zum sofortigen Eintritt0-3 Jahre Praxis, BH abgeleistet CAD- 3D Kenntnisse bevorzugt Siemens NX, ACAD, Solid WorksIhr Aufgabenbereich:nach ausf\u00fchrlicher Einschulung bei uns, Mitarbeit im Ing. B\u00fcro - als Detailkonstrukteur( Konstrukteur) f\u00fcr Bergwerksmaschinen, Schiffsbelade- und EntladeanlagenDas bietet Schimpel Engineering:Entlohnung nach Industrie KVsehr gutes Betriebsklima und flexible Arbeitszeit ist selbstverst\u00e4ndlichDauerstelle wird angestrebt.Wir freuen uns auf Ihre [&hellip;]\" \/>\n<meta property=\"og:url\" content=\"https:\/\/schimpel-engineering.at\/?page_id=816\" \/>\n<meta property=\"og:site_name\" content=\"Schimpel Engineering\" \/>\n<meta property=\"article:modified_time\" content=\"2020-04-24T08:59:13+00:00\" \/>\n<meta name=\"twitter:card\" content=\"summary_large_image\" \/>\n<meta name=\"twitter:label1\" content=\"Gesch\u00e4tzte Lesezeit\" \/>\n\t<meta name=\"twitter:data1\" content=\"7\u00a0Minuten\" \/>\n<script type=\"application\/ld+json\" class=\"yoast-schema-graph\">{\"@context\":\"https:\\\/\\\/schema.org\",\"@graph\":[{\"@type\":\"WebPage\",\"@id\":\"https:\\\/\\\/schimpel-engineering.at\\\/?page_id=816\",\"url\":\"https:\\\/\\\/schimpel-engineering.at\\\/?page_id=816\",\"name\":\"Jobs - Schimpel Engineering\",\"isPartOf\":{\"@id\":\"https:\\\/\\\/schimpel-engineering.at\\\/#website\"},\"datePublished\":\"2019-07-22T07:30:13+00:00\",\"dateModified\":\"2020-04-24T08:59:13+00:00\",\"breadcrumb\":{\"@id\":\"https:\\\/\\\/schimpel-engineering.at\\\/?page_id=816#breadcrumb\"},\"inLanguage\":\"de\",\"potentialAction\":[{\"@type\":\"ReadAction\",\"target\":[\"https:\\\/\\\/schimpel-engineering.at\\\/?page_id=816\"]}]},{\"@type\":\"BreadcrumbList\",\"@id\":\"https:\\\/\\\/schimpel-engineering.at\\\/?page_id=816#breadcrumb\",\"itemListElement\":[{\"@type\":\"ListItem\",\"position\":1,\"name\":\"Startseite\",\"item\":\"https:\\\/\\\/schimpel-engineering.at\\\/\"},{\"@type\":\"ListItem\",\"position\":2,\"name\":\"Jobs\"}]},{\"@type\":\"WebSite\",\"@id\":\"https:\\\/\\\/schimpel-engineering.at\\\/#website\",\"url\":\"https:\\\/\\\/schimpel-engineering.at\\\/\",\"name\":\"Schimpel Engineering\",\"description\":\"Technisches B&uuml;ro f&uuml;r Maschinenbau &amp; Personalservice\",\"potentialAction\":[{\"@type\":\"SearchAction\",\"target\":{\"@type\":\"EntryPoint\",\"urlTemplate\":\"https:\\\/\\\/schimpel-engineering.at\\\/?s={search_term_string}\"},\"query-input\":{\"@type\":\"PropertyValueSpecification\",\"valueRequired\":true,\"valueName\":\"search_term_string\"}}],\"inLanguage\":\"de\"}]}<\/script>\n<!-- \/ Yoast SEO plugin. -->","yoast_head_json":{"title":"Jobs - Schimpel Engineering","robots":{"index":"index","follow":"follow","max-snippet":"max-snippet:-1","max-image-preview":"max-image-preview:large","max-video-preview":"max-video-preview:-1"},"canonical":"https:\/\/schimpel-engineering.at\/?page_id=816","og_locale":"de_DE","og_type":"article","og_title":"Jobs - Schimpel Engineering","og_description":"HTL-MB Techniker\/in zum sofortigen Eintritt0-3 Jahre Praxis, BH abgeleistet CAD- 3D Kenntnisse bevorzugt Siemens NX, ACAD, Solid WorksIhr Aufgabenbereich:nach ausf\u00fchrlicher Einschulung bei uns, Mitarbeit im Ing. B\u00fcro - als Detailkonstrukteur( Konstrukteur) f\u00fcr Bergwerksmaschinen, Schiffsbelade- und EntladeanlagenDas bietet Schimpel Engineering:Entlohnung nach Industrie KVsehr gutes Betriebsklima und flexible Arbeitszeit ist selbstverst\u00e4ndlichDauerstelle wird angestrebt.Wir freuen uns auf Ihre [&hellip;]","og_url":"https:\/\/schimpel-engineering.at\/?page_id=816","og_site_name":"Schimpel Engineering","article_modified_time":"2020-04-24T08:59:13+00:00","twitter_card":"summary_large_image","twitter_misc":{"Gesch\u00e4tzte Lesezeit":"7\u00a0Minuten"},"schema":{"@context":"https:\/\/schema.org","@graph":[{"@type":"WebPage","@id":"https:\/\/schimpel-engineering.at\/?page_id=816","url":"https:\/\/schimpel-engineering.at\/?page_id=816","name":"Jobs - Schimpel Engineering","isPartOf":{"@id":"https:\/\/schimpel-engineering.at\/#website"},"datePublished":"2019-07-22T07:30:13+00:00","dateModified":"2020-04-24T08:59:13+00:00","breadcrumb":{"@id":"https:\/\/schimpel-engineering.at\/?page_id=816#breadcrumb"},"inLanguage":"de","potentialAction":[{"@type":"ReadAction","target":["https:\/\/schimpel-engineering.at\/?page_id=816"]}]},{"@type":"BreadcrumbList","@id":"https:\/\/schimpel-engineering.at\/?page_id=816#breadcrumb","itemListElement":[{"@type":"ListItem","position":1,"name":"Startseite","item":"https:\/\/schimpel-engineering.at\/"},{"@type":"ListItem","position":2,"name":"Jobs"}]},{"@type":"WebSite","@id":"https:\/\/schimpel-engineering.at\/#website","url":"https:\/\/schimpel-engineering.at\/","name":"Schimpel Engineering","description":"Technisches B&uuml;ro f&uuml;r Maschinenbau &amp; Personalservice","potentialAction":[{"@type":"SearchAction","target":{"@type":"EntryPoint","urlTemplate":"https:\/\/schimpel-engineering.at\/?s={search_term_string}"},"query-input":{"@type":"PropertyValueSpecification","valueRequired":true,"valueName":"search_term_string"}}],"inLanguage":"de"}]}},"_links":{"self":[{"href":"https:\/\/schimpel-engineering.at\/index.php?rest_route=\/wp\/v2\/pages\/816","targetHints":{"allow":["GET"]}}],"collection":[{"href":"https:\/\/schimpel-engineering.at\/index.php?rest_route=\/wp\/v2\/pages"}],"about":[{"href":"https:\/\/schimpel-engineering.at\/index.php?rest_route=\/wp\/v2\/types\/page"}],"author":[{"embeddable":true,"href":"https:\/\/schimpel-engineering.at\/index.php?rest_route=\/wp\/v2\/users\/1"}],"replies":[{"embeddable":true,"href":"https:\/\/schimpel-engineering.at\/index.php?rest_route=%2Fwp%2Fv2%2Fcomments&post=816"}],"version-history":[{"count":28,"href":"https:\/\/schimpel-engineering.at\/index.php?rest_route=\/wp\/v2\/pages\/816\/revisions"}],"predecessor-version":[{"id":1476,"href":"https:\/\/schimpel-engineering.at\/index.php?rest_route=\/wp\/v2\/pages\/816\/revisions\/1476"}],"wp:attachment":[{"href":"https:\/\/schimpel-engineering.at\/index.php?rest_route=%2Fwp%2Fv2%2Fmedia&parent=816"}],"curies":[{"name":"wp","href":"https:\/\/api.w.org\/{rel}","templated":true}]}}